{"id":294,"date":"2023-11-18T03:26:15","date_gmt":"2023-11-18T03:26:15","guid":{"rendered":"https:\/\/studiopanorama360.com\/?page_id=294"},"modified":"2023-11-18T11:46:09","modified_gmt":"2023-11-18T11:46:09","slug":"visuel","status":"publish","type":"page","link":"https:\/\/studiopanorama360.com\/en\/visuel\/","title":{"rendered":"Visual"},"content":{"rendered":"<p>[et_pb_section fb_built=\u00a0\u00bb1&Prime; _builder_version=\u00a0\u00bb4.23.1&Prime; _module_preset=\u00a0\u00bbdefault\u00a0\u00bb background_enable_color=\u00a0\u00bboff\u00a0\u00bb background_image=\u00a0\u00bbhttps:\/\/studiopanorama360.com\/wp-content\/uploads\/2023\/11\/Top-page-9.png\u00a0\u00bb background_blend=\u00a0\u00bbmultiply\u00a0\u00bb height=\u00a0\u00bb42vh\u00a0\u00bb height_tablet=\u00a0\u00bb25vh\u00a0\u00bb height_phone=\u00a0\u00bb22vh\u00a0\u00bb height_last_edited=\u00a0\u00bbon|tablet\u00a0\u00bb custom_margin=\u00a0\u00bb||||false|false\u00a0\u00bb custom_padding=\u00a0\u00bb0px||0px||false|false\u00a0\u00bb bottom_divider_height=\u00a0\u00bb142px\u00a0\u00bb bottom_divider_repeat=\u00a0\u00bb1x\u00a0\u00bb animation_style=\u00a0\u00bbfade\u00a0\u00bb animation_duration=\u00a0\u00bb1300ms\u00a0\u00bb global_colors_info=\u00a0\u00bb{}\u00a0\u00bb][et_pb_row _builder_version=\u00a0\u00bb4.22.1&Prime; _module_preset=\u00a0\u00bbdefault\u00a0\u00bb global_colors_info=\u00a0\u00bb{}\u00a0\u00bb][et_pb_column type=\u00a0\u00bb4_4&Prime; _builder_version=\u00a0\u00bb4.22.1&Prime; _module_preset=\u00a0\u00bbdefault\u00a0\u00bb global_colors_info=\u00a0\u00bb{}\u00a0\u00bb][et_pb_text _builder_version=\u00a0\u00bb4.23.1&Prime; _module_preset=\u00a0\u00bbdefault\u00a0\u00bb header_font=\u00a0\u00bb|600||on|||||\u00a0\u00bb header_text_color=\u00a0\u00bb#FFFFFF\u00a0\u00bb header_font_size=\u00a0\u00bb70px\u00a0\u00bb header_line_height=\u00a0\u00bb1.3em\u00a0\u00bb custom_margin=\u00a0\u00bb10vh||||false|false\u00a0\u00bb custom_margin_tablet=\u00a0\u00bb5vh||||false|false\u00a0\u00bb custom_margin_phone=\u00a0\u00bb4vh||||false|false\u00a0\u00bb custom_margin_last_edited=\u00a0\u00bbon|phone\u00a0\u00bb animation_style=\u00a0\u00bbfade\u00a0\u00bb animation_duration=\u00a0\u00bb1300ms\u00a0\u00bb animation_delay=\u00a0\u00bb600ms\u00a0\u00bb header_text_align_tablet=\u00a0\u00bbleft\u00a0\u00bb header_text_align_phone=\u00a0\u00bbleft\u00a0\u00bb header_text_align_last_edited=\u00a0\u00bbon|phone\u00a0\u00bb header_font_size_tablet=\u00a0\u00bb50px\u00a0\u00bb header_font_size_phone=\u00a0\u00bb35px\u00a0\u00bb header_font_size_last_edited=\u00a0\u00bbon|phone\u00a0\u00bb header_line_height_tablet=\u00a0\u00bb1.3em\u00a0\u00bb header_line_height_phone=\u00a0\u00bb1.3em\u00a0\u00bb header_line_height_last_edited=\u00a0\u00bbon|tablet\u00a0\u00bb global_colors_info=\u00a0\u00bb{}\u00a0\u00bb]<\/p>\n<h1>Visuel<\/h1>\n<p>[\/et_pb_text][\/et_pb_column][\/et_pb_row][\/et_pb_section][et_pb_section fb_built=\u00a0\u00bb1&Prime; admin_label=\u00a0\u00bbBlog\u00a0\u00bb module_id=\u00a0\u00bbcontact\u00a0\u00bb _builder_version=\u00a0\u00bb4.23.1&Prime; background_color=\u00a0\u00bb#000000&Prime; custom_padding=\u00a0\u00bb||||false|false\u00a0\u00bb locked=\u00a0\u00bboff\u00a0\u00bb global_colors_info=\u00a0\u00bb{}\u00a0\u00bb][et_pb_row column_structure=\u00a0\u00bb1_2,1_2&Prime; _builder_version=\u00a0\u00bb4.23.1&Prime; _module_preset=\u00a0\u00bbdefault\u00a0\u00bb custom_padding=\u00a0\u00bb||||false|false\u00a0\u00bb custom_css_main_element=\u00a0\u00bbdisplay:flex;||align-items:center;\u00a0\u00bb locked=\u00a0\u00bboff\u00a0\u00bb global_colors_info=\u00a0\u00bb{}\u00a0\u00bb custom_css_main_element_last_edited=\u00a0\u00bbon|tablet\u00a0\u00bb custom_css_main_element_tablet=\u00a0\u00bbdisplay:block;\u00a0\u00bb custom_css_main_element_phone=\u00a0\u00bbdisplay:block;\u00a0\u00bb][et_pb_column type=\u00a0\u00bb1_2&Prime; _builder_version=\u00a0\u00bb4.21.0&Prime; _module_preset=\u00a0\u00bbdefault\u00a0\u00bb global_colors_info=\u00a0\u00bb{}\u00a0\u00bb][et_pb_image src=\u00a0\u00bbhttps:\/\/studiopanorama360.com\/wp-content\/uploads\/2023\/11\/Service_visuel.png\u00a0\u00bb title_text=\u00a0\u00bbService_visuel\u00a0\u00bb align_tablet=\u00a0\u00bbleft\u00a0\u00bb align_phone=\u00a0\u00bbleft\u00a0\u00bb align_last_edited=\u00a0\u00bbon|tablet\u00a0\u00bb _builder_version=\u00a0\u00bb4.23.1&Prime; _module_preset=\u00a0\u00bbdefault\u00a0\u00bb width=\u00a0\u00bb95%\u00a0\u00bb custom_padding=\u00a0\u00bb||10px||false|false\u00a0\u00bb animation_style=\u00a0\u00bbfade\u00a0\u00bb animation_duration=\u00a0\u00bb1300ms\u00a0\u00bb border_radii=\u00a0\u00bbon|15px|15px|15px|15px\u00a0\u00bb global_colors_info=\u00a0\u00bb{}\u00a0\u00bb][\/et_pb_image][\/et_pb_column][et_pb_column type=\u00a0\u00bb1_2&Prime; _builder_version=\u00a0\u00bb4.21.0&Prime; _module_preset=\u00a0\u00bbdefault\u00a0\u00bb global_colors_info=\u00a0\u00bb{}\u00a0\u00bb][et_pb_text _builder_version=\u00a0\u00bb4.23.1&Prime; _module_preset=\u00a0\u00bbdefault\u00a0\u00bb text_font=\u00a0\u00bb||||||||\u00a0\u00bb text_font_size=\u00a0\u00bb16px\u00a0\u00bb custom_margin=\u00a0\u00bb||||false|false\u00a0\u00bb animation_style=\u00a0\u00bbfade\u00a0\u00bb animation_duration=\u00a0\u00bb1300ms\u00a0\u00bb animation_delay=\u00a0\u00bb300ms\u00a0\u00bb hover_enabled=\u00a0\u00bb0&Prime; global_colors_info=\u00a0\u00bb{}\u00a0\u00bb sticky_enabled=\u00a0\u00bb0&Prime;]<\/p>\n<p><span style=\"font-weight: 400;\">Dans le domaine visuel, notre expertise se trouve dans la prise de vid\u00e9o, la r\u00e9alit\u00e9 virtuelle et les masques de r\u00e9alit\u00e9 augment\u00e9e.\u00a0<\/span><\/p>\n<p><span style=\"font-weight: 400;\">Notre \u00e9quipe de professionnels cr\u00e9e des contenus visuels \u00e9poustouflants, capturant des images en qualit\u00e9 4K pour une clart\u00e9 et un d\u00e9tail in\u00e9gal\u00e9s.\u00a0<\/span><\/p>\n<p><span style=\"font-weight: 400;\">Nous ma\u00eetrisons la gestion et la diffusion de vid\u00e9os, assurant une pr\u00e9sence en ligne efficace via des serveurs d\u00e9di\u00e9s et des plateformes de mise en ligne.\u00a0<\/span><\/p>\n<p><span style=\"font-weight: 400;\">Nos comp\u00e9tences s&rsquo;\u00e9tendent \u00e0 la cr\u00e9ation d&rsquo;exp\u00e9riences de r\u00e9alit\u00e9 virtuelle et augment\u00e9e, offrant aux utilisateurs des voyages immersifs dans des mondes imaginaires ou enrichis. Notre expertise garantit une narration visuelle puissante et une exp\u00e9rience utilisateur inoubliable, qu&rsquo;il s&rsquo;agisse de films, de publicit\u00e9s, de documentaires ou de contenus interactifs.<\/span><\/p>\n<p>[\/et_pb_text][\/et_pb_column][\/et_pb_row][\/et_pb_section]<\/p>\n","protected":false},"excerpt":{"rendered":"<p>VisuelDans le domaine visuel, notre expertise se trouve dans la prise de vid\u00e9o, la r\u00e9alit\u00e9 virtuelle et les masques de r\u00e9alit\u00e9 augment\u00e9e.\u00a0 Notre \u00e9quipe de professionnels cr\u00e9e des contenus visuels \u00e9poustouflants, capturant des images en qualit\u00e9 4K pour une clart\u00e9 et un d\u00e9tail in\u00e9gal\u00e9s.\u00a0 Nous ma\u00eetrisons la gestion et la diffusion de vid\u00e9os, assurant une [&hellip;]<\/p>\n","protected":false},"author":1,"featured_media":0,"parent":0,"menu_order":0,"comment_status":"closed","ping_status":"closed","template":"","meta":{"_et_pb_use_builder":"on","_et_pb_old_content":"","_et_gb_content_width":"","footnotes":""},"class_list":["post-294","page","type-page","status-publish","hentry"],"_links":{"self":[{"href":"https:\/\/studiopanorama360.com\/en\/wp-json\/wp\/v2\/pages\/294","targetHints":{"allow":["GET"]}}],"collection":[{"href":"https:\/\/studiopanorama360.com\/en\/wp-json\/wp\/v2\/pages"}],"about":[{"href":"https:\/\/studiopanorama360.com\/en\/wp-json\/wp\/v2\/types\/page"}],"author":[{"embeddable":true,"href":"https:\/\/studiopanorama360.com\/en\/wp-json\/wp\/v2\/users\/1"}],"replies":[{"embeddable":true,"href":"https:\/\/studiopanorama360.com\/en\/wp-json\/wp\/v2\/comments?post=294"}],"version-history":[{"count":5,"href":"https:\/\/studiopanorama360.com\/en\/wp-json\/wp\/v2\/pages\/294\/revisions"}],"predecessor-version":[{"id":397,"href":"https:\/\/studiopanorama360.com\/en\/wp-json\/wp\/v2\/pages\/294\/revisions\/397"}],"wp:attachment":[{"href":"https:\/\/studiopanorama360.com\/en\/wp-json\/wp\/v2\/media?parent=294"}],"curies":[{"name":"wp","href":"https:\/\/api.w.org\/{rel}","templated":true}]}}