{"id":560,"date":"2024-03-16T08:46:01","date_gmt":"2024-03-16T13:46:01","guid":{"rendered":"https:\/\/studiopanorama360.com\/shop\/"},"modified":"2024-07-04T14:41:36","modified_gmt":"2024-07-04T19:41:36","slug":"shop","status":"publish","type":"page","link":"https:\/\/studiopanorama360.com\/en\/shop\/","title":{"rendered":"Shop"},"content":{"rendered":"<p>[et_pb_section fb_built=\u00a0\u00bb1&Prime; _builder_version=\u00a0\u00bb4.26.0&Prime; _module_preset=\u00a0\u00bbdefault\u00a0\u00bb background_color=\u00a0\u00bb#380011&Prime; locked=\u00a0\u00bboff\u00a0\u00bb global_colors_info=\u00a0\u00bb{}\u00a0\u00bb][et_pb_row _builder_version=\u00a0\u00bb4.25.1&Prime; _module_preset=\u00a0\u00bbdefault\u00a0\u00bb global_colors_info=\u00a0\u00bb{}\u00a0\u00bb][et_pb_column type=\u00a0\u00bb4_4&Prime; _builder_version=\u00a0\u00bb4.25.1&Prime; _module_preset=\u00a0\u00bbdefault\u00a0\u00bb global_colors_info=\u00a0\u00bb{}\u00a0\u00bb][et_pb_heading title=\u00a0\u00bbBoutique\u00a0\u00bb _builder_version=\u00a0\u00bb4.26.0&Prime; _module_preset=\u00a0\u00bbdefault\u00a0\u00bb animation_style=\u00a0\u00bbfade\u00a0\u00bb global_colors_info=\u00a0\u00bb{}\u00a0\u00bb][\/et_pb_heading][\/et_pb_column][\/et_pb_row][\/et_pb_section][et_pb_section fb_built=\u00a0\u00bb1&Prime; admin_label=\u00a0\u00bbTexte\u00a0\u00bb _builder_version=\u00a0\u00bb4.26.0&Prime; _module_preset=\u00a0\u00bbdefault\u00a0\u00bb background_color=\u00a0\u00bb#000000&Prime; custom_margin=\u00a0\u00bb||||false|false\u00a0\u00bb custom_padding=\u00a0\u00bb0px||0px||false|false\u00a0\u00bb global_colors_info=\u00a0\u00bb{}\u00a0\u00bb][et_pb_row _builder_version=\u00a0\u00bb4.25.1&Prime; _module_preset=\u00a0\u00bbdefault\u00a0\u00bb custom_padding=\u00a0\u00bb||0px||false|false\u00a0\u00bb global_colors_info=\u00a0\u00bb{}\u00a0\u00bb][et_pb_column type=\u00a0\u00bb4_4&Prime; _builder_version=\u00a0\u00bb4.25.1&Prime; _module_preset=\u00a0\u00bbdefault\u00a0\u00bb global_colors_info=\u00a0\u00bb{}\u00a0\u00bb][et_pb_text _builder_version=\u00a0\u00bb4.26.0&Prime; _module_preset=\u00a0\u00bb_initial\u00a0\u00bb text_text_color=\u00a0\u00bb#ffffff\u00a0\u00bb text_orientation=\u00a0\u00bbcenter\u00a0\u00bb width=\u00a0\u00bb80%\u00a0\u00bb width_tablet=\u00a0\u00bb80%\u00a0\u00bb width_phone=\u00a0\u00bb100%\u00a0\u00bb width_last_edited=\u00a0\u00bbon|phone\u00a0\u00bb module_alignment=\u00a0\u00bbcenter\u00a0\u00bb custom_padding=\u00a0\u00bb||4vh||false|false\u00a0\u00bb animation_style=\u00a0\u00bbfade\u00a0\u00bb hover_enabled=\u00a0\u00bb0&Prime; global_colors_info=\u00a0\u00bb{}\u00a0\u00bb sticky_enabled=\u00a0\u00bb0&Prime;]<\/p>\n<p>Nous avons d\u00e9velopp\u00e9 un partenariat avec le constructeur TECHE afin de pouvoir \u00eatre les revendeurs de leurs produits sur le march\u00e9 am\u00e9ricain. Actuellement nous sommes en mesure de livrer les deux produits ci-dessous, deux cam\u00e9ras exceptionnelles qui vous permettront de capturer vos meilleurs moments avec une qualit\u00e9 et une simplicit\u00e9 jamais \u00e9gal\u00e9es.<\/p>\n<p>D\u00e9couvrez ces deux magnifiques produits que vous pouvez d\u2019ores et d\u00e9j\u00e0 commander en ligne, sur notre espace boutique. N\u2019h\u00e9sitez pas \u00e0 nous contacter si vous souhaitez plus de renseignements \u00e0 leur sujet, nous nous tenons \u00e0 votre disposition.<\/p>\n<p>Prix en dollars canadiens.<\/p>\n<p>[\/et_pb_text][\/et_pb_column][\/et_pb_row][\/et_pb_section][et_pb_section fb_built=\u00a0\u00bb1&Prime; admin_label=\u00a0\u00bbVetements\u00a0\u00bb module_id=\u00a0\u00bbvetements\u00a0\u00bb _builder_version=\u00a0\u00bb4.26.0&Prime; _module_preset=\u00a0\u00bbdefault\u00a0\u00bb background_color=\u00a0\u00bb#000000&Prime; global_colors_info=\u00a0\u00bb{}\u00a0\u00bb][et_pb_row _builder_version=\u00a0\u00bb4.25.1&Prime; _module_preset=\u00a0\u00bbdefault\u00a0\u00bb custom_padding=\u00a0\u00bb||0px||false|false\u00a0\u00bb global_colors_info=\u00a0\u00bb{}\u00a0\u00bb][et_pb_column type=\u00a0\u00bb4_4&Prime; _builder_version=\u00a0\u00bb4.25.1&Prime; _module_preset=\u00a0\u00bbdefault\u00a0\u00bb global_colors_info=\u00a0\u00bb{}\u00a0\u00bb][et_pb_text _builder_version=\u00a0\u00bb4.26.0&Prime; _module_preset=\u00a0\u00bb_initial\u00a0\u00bb text_font=\u00a0\u00bb&#8211;et_global_heading_font|700|||||||\u00a0\u00bb text_text_color=\u00a0\u00bb#ffffff\u00a0\u00bb text_font_size=\u00a0\u00bb30px\u00a0\u00bb text_font_size_tablet=\u00a0\u00bb30px\u00a0\u00bb text_font_size_phone=\u00a0\u00bb24px\u00a0\u00bb text_font_size_last_edited=\u00a0\u00bbon|phone\u00a0\u00bb global_colors_info=\u00a0\u00bb{}\u00a0\u00bb]<\/p>\n<p>Cam\u00e9ras<\/p>\n<p>[\/et_pb_text][et_pb_shop type=\u00a0\u00bbproduct_category\u00a0\u00bb include_categories=\u00a0\u00bball\u00a0\u00bb hover_icon=\u00a0\u00bb&#xf06e;||fa||900&Prime; show_rating=\u00a0\u00bboff\u00a0\u00bb _builder_version=\u00a0\u00bb4.26.0&Prime; _module_preset=\u00a0\u00bbdefault\u00a0\u00bb title_text_align=\u00a0\u00bbcenter\u00a0\u00bb title_font_size=\u00a0\u00bb15px\u00a0\u00bb price_font=\u00a0\u00bbPoppins|600|||||||\u00a0\u00bb price_text_align=\u00a0\u00bbcenter\u00a0\u00bb price_text_color=\u00a0\u00bb#00FF43&Prime; animation_style=\u00a0\u00bbfade\u00a0\u00bb border_radii_image=\u00a0\u00bbon|20px|20px|20px|20px\u00a0\u00bb border_width_all_image=\u00a0\u00bb1px\u00a0\u00bb border_color_all_image=\u00a0\u00bb#6B6B6B\u00a0\u00bb global_colors_info=\u00a0\u00bb{}\u00a0\u00bb][\/et_pb_shop][\/et_pb_column][\/et_pb_row][\/et_pb_section]<\/p>\n","protected":false},"excerpt":{"rendered":"<p>Nous avons d\u00e9velopp\u00e9 un partenariat avec le constructeur TECHE afin de pouvoir \u00eatre les revendeurs de leurs produits sur le march\u00e9 am\u00e9ricain. Actuellement nous sommes en mesure de livrer les deux produits ci-dessous, deux cam\u00e9ras exceptionnelles qui vous permettront de capturer vos meilleurs moments avec une qualit\u00e9 et une simplicit\u00e9 jamais \u00e9gal\u00e9es. D\u00e9couvrez ces deux [&hellip;]<\/p>\n","protected":false},"author":1,"featured_media":0,"parent":0,"menu_order":0,"comment_status":"closed","ping_status":"closed","template":"","meta":{"_et_pb_use_builder":"on","_et_pb_old_content":"","_et_gb_content_width":"","footnotes":""},"class_list":["post-560","page","type-page","status-publish","hentry"],"_links":{"self":[{"href":"https:\/\/studiopanorama360.com\/en\/wp-json\/wp\/v2\/pages\/560","targetHints":{"allow":["GET"]}}],"collection":[{"href":"https:\/\/studiopanorama360.com\/en\/wp-json\/wp\/v2\/pages"}],"about":[{"href":"https:\/\/studiopanorama360.com\/en\/wp-json\/wp\/v2\/types\/page"}],"author":[{"embeddable":true,"href":"https:\/\/studiopanorama360.com\/en\/wp-json\/wp\/v2\/users\/1"}],"replies":[{"embeddable":true,"href":"https:\/\/studiopanorama360.com\/en\/wp-json\/wp\/v2\/comments?post=560"}],"version-history":[{"count":5,"href":"https:\/\/studiopanorama360.com\/en\/wp-json\/wp\/v2\/pages\/560\/revisions"}],"predecessor-version":[{"id":753,"href":"https:\/\/studiopanorama360.com\/en\/wp-json\/wp\/v2\/pages\/560\/revisions\/753"}],"wp:attachment":[{"href":"https:\/\/studiopanorama360.com\/en\/wp-json\/wp\/v2\/media?parent=560"}],"curies":[{"name":"wp","href":"https:\/\/api.w.org\/{rel}","templated":true}]}}