{"id":673,"date":"2024-07-04T10:00:32","date_gmt":"2024-07-04T15:00:32","guid":{"rendered":"https:\/\/studiopanorama360.com\/?post_type=product&#038;p=673"},"modified":"2024-08-09T09:16:39","modified_gmt":"2024-08-09T14:16:39","slug":"camera-teche-360-starlight-8k","status":"publish","type":"product","link":"https:\/\/studiopanorama360.com\/en\/product\/camera-teche-360-starlight-8k\/","title":{"rendered":"TECHE Camera \u2013 360 Starlight 8K"},"content":{"rendered":"","protected":false},"excerpt":{"rendered":"<ul>\n<li>\u00c9quip\u00e9 de 4 capteurs Sony STARVIS, 1\/1,8&Prime; et 2&#215;2\u03bcm\/pixel.<\/li>\n<li>Deux flux de streaming simultan\u00e9s pour diff\u00e9rents serveurs de streaming.<\/li>\n<li>Assemblage 8K@30fps \u00e0 l&rsquo;int\u00e9rieur de la cam\u00e9ra et streaming en direct, sans d\u00e9bit, ni perte de couleur avec le transfert de donn\u00e9es MIPI.<\/li>\n<li>V\u00e9ritable IP68 avec un corps en alliage d&rsquo;aluminium enti\u00e8rement scell\u00e9, solution \u00e9tanche au niveau de l&rsquo;objectif.<\/li>\n<li>Capacit\u00e9 de diffusion en continu 24*7.<\/li>\n<li>Prise en charge POE et stockage UFS 512GB.<\/li>\n<li>[Sur demande] Marquage gratuit. Apposez votre marque et faites en sorte qu&rsquo;elle vous appartienne !<\/li>\n<li>D\u00e9veloppez votre propre application avec TECHE SDK pour contr\u00f4ler la cam\u00e9ra.<\/li>\n<\/ul>\n<p><a href=\"https:\/\/studiopanorama360.com\/wp-content\/uploads\/camera-teche-360.zip\">IMPORTANT : guide d&rsquo;utilisation et ressources \u00e0 t\u00e9l\u00e9charger ici.<\/a><\/p>\n","protected":false},"featured_media":676,"comment_status":"closed","ping_status":"closed","template":"","meta":{"_et_pb_use_builder":"","_et_pb_old_content":"","_et_gb_content_width":""},"product_brand":[],"product_cat":[19],"product_tag":[],"class_list":{"0":"post-673","1":"product","2":"type-product","3":"status-publish","4":"has-post-thumbnail","6":"product_cat-cameras","8":"first","9":"instock","10":"shipping-taxable","11":"purchasable","12":"product-type-simple"},"_links":{"self":[{"href":"https:\/\/studiopanorama360.com\/en\/wp-json\/wp\/v2\/product\/673","targetHints":{"allow":["GET"]}}],"collection":[{"href":"https:\/\/studiopanorama360.com\/en\/wp-json\/wp\/v2\/product"}],"about":[{"href":"https:\/\/studiopanorama360.com\/en\/wp-json\/wp\/v2\/types\/product"}],"replies":[{"embeddable":true,"href":"https:\/\/studiopanorama360.com\/en\/wp-json\/wp\/v2\/comments?post=673"}],"wp:featuredmedia":[{"embeddable":true,"href":"https:\/\/studiopanorama360.com\/en\/wp-json\/wp\/v2\/media\/676"}],"wp:attachment":[{"href":"https:\/\/studiopanorama360.com\/en\/wp-json\/wp\/v2\/media?parent=673"}],"wp:term":[{"taxonomy":"product_brand","embeddable":true,"href":"https:\/\/studiopanorama360.com\/en\/wp-json\/wp\/v2\/product_brand?post=673"},{"taxonomy":"product_cat","embeddable":true,"href":"https:\/\/studiopanorama360.com\/en\/wp-json\/wp\/v2\/product_cat?post=673"},{"taxonomy":"product_tag","embeddable":true,"href":"https:\/\/studiopanorama360.com\/en\/wp-json\/wp\/v2\/product_tag?post=673"}],"curies":[{"name":"wp","href":"https:\/\/api.w.org\/{rel}","templated":true}]}}